{"id":1747,"date":"2021-09-13T09:54:25","date_gmt":"2021-09-13T07:54:25","guid":{"rendered":"https:\/\/lelicoidale.com\/?page_id=1747"},"modified":"2021-09-16T12:22:28","modified_gmt":"2021-09-16T10:22:28","slug":"privacy-policy","status":"publish","type":"page","link":"https:\/\/lelicoidale.com\/de\/privacy-policy\/","title":{"rendered":"Privacy policy"},"content":{"rendered":"<h1 class=\"title-main\">Privacy Policy<\/h1>\n<p>La presente ha lo scopo di descrivere le modalit\u00e0 di gestione del sito attualmente reperibile all&#8217;indirizzo lelicoidale.com con riferimento al trattamento dei dati personali degli utenti\/visitatori che lo consultano.<\/p>\n<p>Si tratta di un&#8217;informativa che \u00e8 resa anche ai sensi dell&#8217;art. 13 del Regolamento (UE) 2016\/679 (di seguito anche \u201cRegolamento Generale per la Protezione dei Dati Personali\u201d ovvero \u201cRGPD\u201d) a coloro che accedono al suddetto sito.<\/p>\n<p>Il sito sopra indicato \u00e8 di titolarit\u00e0 de L&#8217;Elicoidale s.n.c. L&#8217;informativa \u00e8 resa esclusivamente per il sito sopra menzionato e non anche per altri siti web o sezioni\/pagine\/spazi di titolarit\u00e0 di Terzi eventualmente consultati dall&#8217;utente tramite appositi link.<\/p>\n<p>Gli utenti\/visitatori sono invitati a leggere attentamente la presente Privacy Policy prima di fornire qualsiasi tipo di informazione personale e\/o compilare qualunque modulo elettronico presente sul sito stesso.<\/p>\n<p><b>Indice<\/b><\/p>\n<ol>\n<li><b>Titolare, Responsabili e Autorizzati al trattamento<\/b><\/li>\n<li><b>Dati di contatto del Responsabile della Protezione dei Dati (\u201cRPD\u201d)<\/b><\/li>\n<li><b>Tipologia di dati trattati, finalit\u00e0 e base giuridica del trattamento<\/b><\/li>\n<li><b>Destinatari dei dati personali<\/b><\/li>\n<li><b>Trasferimento dei dati a Paesi Terzi<\/b><\/li>\n<li><b>Modalit\u00e0 del trattamento e periodo di conservazione dei dati<\/b><\/li>\n<li><b>Diritti dell&#8217;Interessato<\/b><\/li>\n<li><b>Comunicazione e conferimento dei dati<\/b><\/li>\n<li><b>Aggiornamento e modifica della Privacy Policy<\/b><\/li>\n<\/ol>\n<h4>1. Titolare, Responsabili e Autorizzati al trattamento<\/h4>\n<p>Il Titolare del trattamento dei dati \u00e8<\/p>\n<blockquote><p>L&#8217;Elicoidale s.n.c.<\/p><\/blockquote>\n<p>con sede legale in<\/p>\n<blockquote><p>Via Sole 4, 37030 Mezzane (Verona, VR)<\/p><\/blockquote>\n<p>Oltre che dai dipendenti de L&#8217;Elicoidale (Autorizzati al trattamento), il trattamento dei dati potr\u00e0 essere effettuato anche da soggetti terzi ai quali l&#8217;Azienda abbia affidato specifiche attivit\u00e0 connesse o strumentali allo svolgimento dei trattamenti o all&#8217;erogazione dei servizi offerti. In tale evenienza gli stessi soggetti opereranno in qualit\u00e0 di Titolari autonomi, di co-Titolari ovvero di Responsabili esterni del trattamento.<\/p>\n<h4>2. Dati di contatto del Responsabile della Protezione dei Dati (\u201cRPD\u201d)<\/h4>\n<p>Il RPD designato da L&#8217;Elicoidale, il quale rappresenter\u00e0 il punto di contatto per gli Interessati, \u00e8 raggiungibile attraverso i seguenti canali di contatto:<\/p>\n<blockquote><p>email: info@lelicoidale.eu<\/p><\/blockquote>\n<h4>3. Tipologia di dati trattati, finalit\u00e0 e base giuridica del trattamento<\/h4>\n<p><u>3.1. Dati di navigazione<\/u> I sistemi informatici e le procedure software preposte al funzionamento di questo sito acquisiscono, nel normale esercizio, alcuni dati personali che vengono poi trasmessi implicitamente nell&#8217;uso dei protocolli di comunicazione Internet. Si tratta di informazioni che per loro natura potrebbero, mediante associazioni ed elaborazioni con dati detenuti da terzi, permettere di identificare gli utenti\/visitatori (ad es. indirizzo IP, nomi di domini dei computer utilizzati dagli utenti\/visitatori che si collegano al sito, ecc.). Questi dati vengono utilizzati al solo fine di ricavare informazioni di tipo statistico (quindi sono anonimi) e per controllare il corretto funzionamento del sito.<\/p>\n<p><u>3.2. Dati forniti volontariamente dagli utenti\/visitatori:<\/u> Qualora gli utenti\/visitatori collegandosi a questo sito inviino propri dati personali per accedere a determinati servizi, ovvero, per effettuare richieste via posta elettronica, si avr\u00e0 l&#8217;acquisizione di tali dati da parte di L&#8217;Elicoidale s.n.c. e\/o dei terzi unitamente ai quali L&#8217;Elicoidale potrebbe fornire il servizio richiesto dall&#8217;utente\/visitatore; tali dati verranno trattati esclusivamente per rispondere alla richiesta, ovvero per la fornitura del servizio in conformit\u00e0 con la presente Policy e le specifiche Informative privacy fornite in fase di adesione ai singoli servizi.<\/p>\n<h4>4. Destinatari dei dati personali<\/h4>\n<p>Nessun dato derivante dal servizio web verr\u00e0 comunicato o diffuso a soggetti terzi, salvo che per adempiere agli obblighi previsti da leggi, regolamenti o normative comunitarie. I dati personali espressamente conferiti dagli utenti\/visitatori verranno comunicati a terzi esclusivamente qualora la comunicazione sia necessaria per ottemperare alle richieste degli utenti\/visitatori medesimi, fermo restando quanto previsto nelle specifiche Informative dei singoli servizi.<\/p>\n<h4>5. Trasferimento dei dati a Paesi Terzi<\/h4>\n<p>Nell&#8217;ambito delle finalit\u00e0 indicate all&#8217;art. 3 della presente Informativa i Suoi dati personali non verranno comunicati\/trasferiti a soggetti terzi stabiliti in Paesi non appartenenti all&#8217;Unione europea, fatto eventualmente salvo quanto previsto per <a href=\"\/\/lelicoidale.com\/cookie-policy\/\">l&#8217;utilizzo dei Cookies in relazione al quale si rimanda alla relativa sezione<\/a> del presente sito.<\/p>\n<h4>6. Modalit\u00e0 del trattamento e periodo di conservazione dei dati<\/h4>\n<p>Il trattamento dei dati viene effettuato attraverso strumenti automatizzati (ad es. utilizzando procedure e supporti elettronici) e\/o manualmente (ad es. su supporto cartaceo) per il tempo strettamente necessario a conseguire gli scopi per i quali i dati sono stati raccolti e, comunque, in conformit\u00e0 alle disposizioni normative vigenti in materia. I dati personali verranno conservati per il lasso di tempo strettamente necessario al perseguimento delle specifiche finalit\u00e0 del trattamento e, in particolare: &#8211; per i dati indicati all&#8217;art. 3.1., per il tempo necessario allo svolgimento delle attivit\u00e0 specificate, salvo eventuali accertamenti di reati informatici ai danni del sito; &#8211; per i dati indicati all&#8217;art. 3.2., per il tempo necessario allo svolgimento dei servizi richiesti o replicare alle richieste effettuate, salvo eventuali accertamenti di reati informatici ai danni del sito; eventuali ulteriori dettagli sulla conservazione dei dati in merito al singolo servizio o richiesta effettuata potranno essere fornite nelle informative specifiche del singolo servizio richiesto.<\/p>\n<h4>7. Diritti dell&#8217;Interessato<\/h4>\n<p>Gli utenti\/visitatori potranno in qualsiasi momento esercitare i diretti di seguito indicati.<\/p>\n<ul>\n<ol>a. Accesso ai dati personali: ottenere la conferma o meno che sia in corso un trattamento di dati che li riguardano e, in tal caso, l&#8217;accesso alle seguenti informazioni: le finalit\u00e0, le categorie di dati, i destinatari, il periodo di conservazione, il diritto di proporre reclamo ad un&#8217;autorit\u00e0 di controllo, il diritto di richiedere la rettifica o cancellazione o limitazione del trattamento od opposizione al trattamento stesso nonch\u00e9 l&#8217;esistenza di un processo decisionale automatizzato;<\/ol>\n<ol>b. Richiesta di rettifica o cancellazione degli stessi o limitazione dei trattamenti che li riguardano; per \u201climitazione\u201d si intende il contrassegno dei dati conservati con l&#8217;obiettivo di limitarne il trattamento in futuro;<\/ol>\n<ol>c. Opposizione al trattamento: opporsi per motivi connessi alla situazione particolare al trattamento di dati per l&#8217;esecuzione di un compito di interesse pubblico o per il perseguimento di un legittimo interesse dei Titolari;<\/ol>\n<ol>d. Portabilit\u00e0 dei dati: nel caso di trattamento automatizzato svolto sulla base del consenso o in esecuzione di un contratto, di ricevere in un formato strutturato, di uso comune e leggibile da dispositivo automatico, i dati che li riguardano; in particolare, i dati verranno forniti dai Titolari in formato .xml, o analogo;<\/ol>\n<ol>e. Proporre reclamo ai sensi dell&#8217;art. 77 RGPD all&#8217;autorit\u00e0 di controllo competente in base alla residenza abituale, al luogo di lavoro oppure al luogo di violazione dei diritti; per l&#8217;Italia \u00e8 competente il Garante per la protezione dei dati personali, contattabile tramite i dati di contatto riportati sul sito web garanteprivacy.it<\/ol>\n<\/ul>\n<p>I predetti diritti potranno essere esercitati inviando apposita richiesta al Titolare del trattamento mediante i canali di contatto indicati all&#8217;art. 1 della presente informativa.<\/p>\n<p>Le richieste relative all&#8217;esercizio dei diritti saranno evase senza ingiustificato ritardo e, in ogni modo, entro un mese dalla domanda; solo in casi di particolare complessit\u00e0 e del numero di richieste tale termine potr\u00e0 essere prorogato di ulteriori 2 (due) mesi.<\/p>\n<h4>8. Comunicazione e conferimento dei dati<\/h4>\n<p>Ad eccezione di quanto specificato per i dati di cui all&#8217;art. 3.1 (dati di navigazione, il cui mancato apporto coincide con la mancata navigazione del sito web), gli utenti\/visitatori sono liberi di fornire i propri dati personali e il loro mancato conferimento potr\u00e0 comportare unicamente l&#8217;impossibilit\u00e0 di ottenere il servizio richiesto.<\/p>\n<h4>9. Aggiornamento e modifica della Privacy Policy<\/h4>\n<p>La presente Privacy Policy pu\u00f2 subire modifiche nel corso del tempo &#8211; anche connesse all&#8217;eventuale entrata in vigore di nuove normative di settore, all&#8217;aggiornamento o erogazione di nuovi servizi ovvero ad intervenute innovazioni tecnologiche &#8211; per cui l&#8217;utente\/visitatore \u00e8 invitato a consultare periodicamente questa pagina.<\/p>\n","protected":false},"excerpt":{"rendered":"<p>Privacy Policy La presente ha lo scopo di descrivere le modalit\u00e0 di  &#8230;<\/p>\n","protected":false},"author":1,"featured_media":0,"parent":0,"menu_order":0,"comment_status":"closed","ping_status":"open","template":"","meta":{"footnotes":""},"class_list":["post-1747","page","type-page","status-publish","hentry"],"_links":{"self":[{"href":"https:\/\/lelicoidale.com\/de\/wp-json\/wp\/v2\/pages\/1747","targetHints":{"allow":["GET"]}}],"collection":[{"href":"https:\/\/lelicoidale.com\/de\/wp-json\/wp\/v2\/pages"}],"about":[{"href":"https:\/\/lelicoidale.com\/de\/wp-json\/wp\/v2\/types\/page"}],"author":[{"embeddable":true,"href":"https:\/\/lelicoidale.com\/de\/wp-json\/wp\/v2\/users\/1"}],"replies":[{"embeddable":true,"href":"https:\/\/lelicoidale.com\/de\/wp-json\/wp\/v2\/comments?post=1747"}],"version-history":[{"count":3,"href":"https:\/\/lelicoidale.com\/de\/wp-json\/wp\/v2\/pages\/1747\/revisions"}],"predecessor-version":[{"id":1838,"href":"https:\/\/lelicoidale.com\/de\/wp-json\/wp\/v2\/pages\/1747\/revisions\/1838"}],"wp:attachment":[{"href":"https:\/\/lelicoidale.com\/de\/wp-json\/wp\/v2\/media?parent=1747"}],"curies":[{"name":"wp","href":"https:\/\/api.w.org\/{rel}","templated":true}]}}